{"id":8,"date":"2021-11-03T16:10:25","date_gmt":"2021-11-03T15:10:25","guid":{"rendered":"http:\/\/mundospvt.online\/?page_id=8"},"modified":"2024-03-31T10:29:51","modified_gmt":"2024-03-31T08:29:51","slug":"a-propos-de","status":"publish","type":"page","link":"https:\/\/mundospvt.online\/?page_id=8","title":{"rendered":"\u00c0 propos de"},"content":{"rendered":"\n<p>Il \u00e9tait une fois des footballeurs de l&#8217;\u00e9quipe des super-v\u00e9t\u00e9rans de l&#8217;AS Mundolsheim qui, apr\u00e8s avoir us\u00e9 leurs crampons et surtout leurs genoux sur tous les terrains de la r\u00e9gion, ont d\u00e9cid\u00e9 de p\u00e9daler par monts et par vaux pour rester dans le rythme.<\/p>\n\n\n\n<p>C&#8217;est ainsi que depuis 2010, \u00e0 partir des premiers jours du printemps et jusqu&#8217;aux derniers jours de l&#8217;automne, une petite poign\u00e9e de ces anciens joueurs de football enfourchent leurs superbes v\u00e9los de course pour des randonn\u00e9es qui se d\u00e9roulent en grande partie dans le proche Kochersberg, mais avec des escapades r\u00e9guli\u00e8res dans d&#8217;autres r\u00e9gions.<\/p>\n\n\n\n<p>Ces mordus de la p\u00e9dale ne roulent cependant qu&#8217;\u00e0 certaines conditions : pas de pluie, pas de vent, temp\u00e9rature supportable, restaurant \u00e0 midi (sur une terrasse de pr\u00e9f\u00e9rence), &#8230;<\/p>\n","protected":false},"excerpt":{"rendered":"<p>Il \u00e9tait une fois des footballeurs de l&#8217;\u00e9quipe des super-v\u00e9t\u00e9rans de l&#8217;AS Mundolsheim qui, apr\u00e8s avoir us\u00e9 leurs crampons et surtout leurs genoux sur tous les terrains de la r\u00e9gion, ont d\u00e9cid\u00e9 de p\u00e9daler par monts et par vaux pour rester dans le rythme. C&#8217;est ainsi que depuis 2010, \u00e0 partir des premiers jours du &hellip; <a href=\"https:\/\/mundospvt.online\/?page_id=8\" class=\"more-link\">Continue reading <span class=\"screen-reader-text\">\u00c0 propos de<\/span><\/a><\/p>\n","protected":false},"author":1,"featured_media":0,"parent":0,"menu_order":0,"comment_status":"closed","ping_status":"closed","template":"","meta":{"footnotes":""},"class_list":["post-8","page","type-page","status-publish","hentry"],"aioseo_notices":[],"_links":{"self":[{"href":"https:\/\/mundospvt.online\/index.php?rest_route=\/wp\/v2\/pages\/8","targetHints":{"allow":["GET"]}}],"collection":[{"href":"https:\/\/mundospvt.online\/index.php?rest_route=\/wp\/v2\/pages"}],"about":[{"href":"https:\/\/mundospvt.online\/index.php?rest_route=\/wp\/v2\/types\/page"}],"author":[{"embeddable":true,"href":"https:\/\/mundospvt.online\/index.php?rest_route=\/wp\/v2\/users\/1"}],"replies":[{"embeddable":true,"href":"https:\/\/mundospvt.online\/index.php?rest_route=%2Fwp%2Fv2%2Fcomments&post=8"}],"version-history":[{"count":3,"href":"https:\/\/mundospvt.online\/index.php?rest_route=\/wp\/v2\/pages\/8\/revisions"}],"predecessor-version":[{"id":3047,"href":"https:\/\/mundospvt.online\/index.php?rest_route=\/wp\/v2\/pages\/8\/revisions\/3047"}],"wp:attachment":[{"href":"https:\/\/mundospvt.online\/index.php?rest_route=%2Fwp%2Fv2%2Fmedia&parent=8"}],"curies":[{"name":"wp","href":"https:\/\/api.w.org\/{rel}","templated":true}]}}